{"id":155,"date":"2026-04-14T16:38:14","date_gmt":"2026-04-14T16:38:14","guid":{"rendered":"https:\/\/www.smcsmx.org\/site\/?page_id=155"},"modified":"2026-04-14T16:38:14","modified_gmt":"2026-04-14T16:38:14","slug":"concurso-mexicano-de-evaluacion-de-suelos","status":"publish","type":"page","link":"https:\/\/www.smcsmx.org\/site\/eventos\/concurso-mexicano-de-evaluacion-de-suelos\/","title":{"rendered":"Concurso Mexicano de Evaluaci\u00f3n de Suelos"},"content":{"rendered":"\n<h2 class=\"wp-block-heading\" id=\"5to-concurso-mexicano-de-evaluacion-de-suelos\">5to Concurso Mexicano de Evaluaci\u00f3n de Suelos<\/h2>\n\n\n\n<figure class=\"wp-block-image size-full\"><img loading=\"lazy\" decoding=\"async\" width=\"911\" height=\"263\" src=\"https:\/\/www.smcsmx.org\/site\/wp-content\/uploads\/2026\/04\/5to_concurso.jpg\" alt=\"\" class=\"wp-image-156\" srcset=\"https:\/\/www.smcsmx.org\/site\/wp-content\/uploads\/2026\/04\/5to_concurso.jpg 911w, https:\/\/www.smcsmx.org\/site\/wp-content\/uploads\/2026\/04\/5to_concurso-300x87.jpg 300w, https:\/\/www.smcsmx.org\/site\/wp-content\/uploads\/2026\/04\/5to_concurso-768x222.jpg 768w\" sizes=\"auto, (max-width: 911px) 100vw, 911px\" \/><\/figure>\n\n\n\n<p>Como parte de las actividades del 47 Congreso Mexicano de la Ciencia del Suelo, la Comisi\u00f3n de Acci\u00f3n Juvenil de la Sociedad Mexicana de la Ciencia del Suelo, con el apoyo de la Universidad Nacional Aut\u00f3noma de M\u00e9xico (UNAM) a trav\u00e9s del Instituto de Geolog\u00eda (IG-UNAM), el Programa Universitario de Estudios Interdisciplinarios del Suelo (PUEIS) y la Unidad Multidisciplinaria de Docencia e Investigaci\u00f3n Juriquilla de la Facultad de Ciencias (UMDI-FC).<\/p>\n\n\n\n<p><strong>C O N V O C A N<\/strong><\/p>\n\n\n\n<p>A todos los interesados de las diversas instituciones de educaci\u00f3n superior y posgrado al Concurso Mexicano de Evaluaci\u00f3n de Suelos, que se llevar\u00e1 a cabo del&nbsp;<strong>13 al 15 de octubre de 2023<\/strong>, de manera presencial en Ciudad Universitaria, UNAM, CDMX.<\/p>\n\n\n\n<p><strong>Modalidad<\/strong><\/p>\n\n\n\n<p>Individual y en equipos de 3 a 4 integrantes. Todas las personas inscritas participar\u00e1n en ambas modalidades. En cada caso, deber\u00e1n caracterizar, clasificar usando la Base Referencial Mundial del Recurso Suelo (edici\u00f3n 2022) y evaluar un perfil de suelo seleccionado por el comit\u00e9 organizador y acad\u00e9mico. La participaci\u00f3n en las dos modalidades ser\u00e1 calificada por un jurado experto en descripci\u00f3n morfol\u00f3gica, clasificaci\u00f3n y evaluaci\u00f3n de suelos, cuya decisi\u00f3n ser\u00e1 inapelable.<\/p>\n\n\n\n<p><strong>Bases<\/strong><\/p>\n\n\n\n<p>El concurso estar\u00e1 integrado por dos figuras: concursantes y entrenadores. Todos los concursantes y entrenadores deber\u00e1n cumplir con los siguientes criterios de elegibilidad y comprometerse a participar en todas las actividades del concurso.<\/p>\n\n\n\n<p>De los concursantes:<\/p>\n\n\n\n<ol class=\"wp-block-list\">\n<li>Ser estudiante de licenciatura, maestr\u00eda o doctorado en curso o con menos de un a\u00f1o desde la obtenci\u00f3n de su \u00faltimo grado de estudios.<\/li>\n\n\n\n<li>Cada equipo deber\u00e1 contar con el asesoramiento de un entrenador, mismo que dar\u00e1 apoyo a cada integrante en la modalidad individual.<\/li>\n\n\n\n<li>Aquellos estudiantes que no conformen un equipo podr\u00e1n registrarse de manera individual y posteriormente ser asignados por el comit\u00e9 organizador a un equipo y entrenador.<\/li>\n\n\n\n<li>Aquellos equipos que se conformen por tres participantes, podr\u00e1n ser susceptibles de recibir un integrante adicional, en cuyo caso ser\u00e1 necesario el consentimiento del entrenador.<\/li>\n<\/ol>\n\n\n\n<p>De los entrenadores:<\/p>\n\n\n\n<ol class=\"wp-block-list\">\n<li>Ser profesor, investigador, t\u00e9cnico u otra profesi\u00f3n similar, que tenga experiencia demostrable en la ciencia del suelo, deseablemente en descripci\u00f3n, morfolog\u00eda, clasificaci\u00f3n y evaluaci\u00f3n de suelos.<\/li>\n\n\n\n<li>Cada entrenador tendr\u00e1 a su cargo \u00fanicamente a un equipo y a sus integrantes en la modalidad individual.<a href=\"https:\/\/web.archive.org\/web\/20260122100058\/https:\/\/www.smcsmx.org\/eventos\/concursos-nacionales-de-evaluaci%C3%B3n-de-suelos#_ftn1\"><sup>[1]<\/sup><\/a><\/li>\n\n\n\n<li>Los entrenadores ser\u00e1n ajenos a cualquier actividad dentro de la organizaci\u00f3n del concurso.<\/li>\n<\/ol>\n\n\n\n<p><strong>Din\u00e1mica<\/strong><\/p>\n\n\n\n<p>D\u00eda 1: Curso de preparaci\u00f3n en las instalaciones de Ciudad Universitaria<\/p>\n\n\n\n<p>D\u00eda 2: Curso de preparaci\u00f3n en el campo<\/p>\n\n\n\n<p>D\u00eda 3: Concurso en sus dos modalidades: equipo e individual<\/p>\n\n\n\n<p>Para el concurso el total de perfiles a caracterizar, clasificar y evaluar ser\u00e1n dos, uno en la modalidad equipo y otro en individual, en ambos casos el tiempo l\u00edmite ser\u00e1 de 1 hora.<\/p>\n\n\n\n<p>Los entrenadores fungir\u00e1n como apoyo y gu\u00eda durante el curso de preparaci\u00f3n en aula (d\u00eda 1) y curso de preparaci\u00f3n en campo (d\u00eda 2). Su participaci\u00f3n durante el desarrollo del concurso ser\u00e1 de espectadores, sin m\u00e1s posibilidad de facilitar informaci\u00f3n o apoyo a ning\u00fan participante del concurso.<\/p>\n\n\n\n<p><strong>Registro<\/strong><\/p>\n\n\n\n<p>Se realizar\u00e1, tanto para participantes como para su entrenador, a trav\u00e9s del siguiente formulario <a href=\"https:\/\/forms.gle\/Aa4MxkGW2kNwfLAu7\">https:\/\/forms.gle\/Aa4MxkGW2kNwfLAu7<\/a> a partir de la emisi\u00f3n de esta convocatoria y hasta el 8 de septiembre del presente a\u00f1o a las 23:59 h, hora del centro de M\u00e9xico (GMT-6).<\/p>\n\n\n\n<p><strong>Confirmaci\u00f3n de participaci\u00f3n<\/strong><\/p>\n\n\n\n<p>Todas las personas registradas que cumplan con los criterios especificados en las bases, ser\u00e1n notificados el&nbsp;<strong>15 de septiembre<\/strong>&nbsp;para formalizar su participaci\u00f3n como concursantes del evento. Tambi\u00e9n se anunciar\u00e1 la conformaci\u00f3n de los equipos para aquellos que se inscriban de manera individual y se pedir\u00e1 el consentimiento de los entrenadores para agregar integrantes a sus equipos.<\/p>\n\n\n\n<p><strong>Premiaci\u00f3n<\/strong><\/p>\n\n\n\n<p>Los participantes ganadores ser\u00e1n anunciados el 16 de octubre durante la inauguraci\u00f3n del Congreso Mexicano de la Ciencia del Suelo, en el Centro de Exposiciones y Congresos en Ciudad Universitaria, UNAM, CDMX. Se entregar\u00e1n reconocimientos y premios sorpresa a los tres primeros lugares en cada modalidad.<\/p>\n\n\n\n<p><strong>Costo de inscripci\u00f3n<\/strong><\/p>\n\n\n\n<p>$1,000 por equipo con entrenador<\/p>\n\n\n\n<p>$300 para participantes que no cuenten inicialmente con un equipo<\/p>\n\n\n\n<p>El costo de inscripci\u00f3n incluye transporte, que se utilizar\u00e1 el segundo y tercer d\u00eda del evento, adem\u00e1s de los materiales que ser\u00e1n entregados durante los cursos de preparaci\u00f3n y concurso.<\/p>\n\n\n\n<p>Los concursantes podr\u00e1n participar como asistentes sin costo en el Congreso Mexicano de la Ciencia del Suelo<a href=\"https:\/\/web.archive.org\/web\/20260122100058\/https:\/\/www.smcsmx.org\/eventos\/concursos-nacionales-de-evaluaci%C3%B3n-de-suelos#_ftn2\">[2]<\/a>. En caso de ser ponentes en cualquier modalidad, deber\u00e1n cubrir el costo del congreso.<\/p>\n\n\n\n<p>Los datos de pago se enviar\u00e1n junto con la confirmaci\u00f3n de participaci\u00f3n.<\/p>\n\n\n\n<p><strong>Contacto<\/strong><\/p>\n\n\n\n<p><a href=\"mailto:suelos.mx@gmail.com\">suelos.mx@gmail.com<\/a><\/p>\n\n\n\n<p>Cualquier punto no previsto en la presente convocatoria se tratar\u00e1 y ser\u00e1 resuelto directamente por el comit\u00e9 organizador.<strong><\/strong><\/p>\n\n\n\n<p><strong>Comit\u00e9 organizador<\/strong><\/p>\n\n\n\n<ul class=\"wp-block-list\">\n<li>LCT. Xochitl Tapia S\u00e1nchez<\/li>\n\n\n\n<li>Biol. Fernanda Naomi Shimizu Romero<\/li>\n\n\n\n<li>M. en C. Martha Daniela Bobadilla Ballesteros<\/li>\n\n\n\n<li>Biol. Mariana Tovar Casta\u00f1\u00f3n<\/li>\n\n\n\n<li>M.C. Axel Cer\u00f3n Gonz\u00e1lez<\/li>\n\n\n\n<li>M. en C. Carmina G\u00e1mez Barajas<\/li>\n\n\n\n<li>M. en C.A.R.N. Blanca Gabriela Hern\u00e1ndez Salazar<\/li>\n\n\n\n<li>M. en C. Luis Daniel Olivares Mart\u00ednez<\/li>\n\n\n\n<li>M. en C. Jorge Luis Ar\u00e9valo Galindo<\/li>\n<\/ul>\n\n\n\n<p><a href=\"https:\/\/web.archive.org\/web\/20260122100058\/https:\/\/www.smcsmx.org\/eventos\/concursos-nacionales-de-evaluaci%C3%B3n-de-suelos#_ftnref1\"><sup>[1]<\/sup><\/a>&nbsp;Debe entenderse que, si se inscribe m\u00e1s de un equipo por instituci\u00f3n, cada equipo deber\u00e1 tener un entrenador durante el concurso.<\/p>\n\n\n\n<p><a href=\"https:\/\/web.archive.org\/web\/20260122100058\/https:\/\/www.smcsmx.org\/eventos\/concursos-nacionales-de-evaluaci%C3%B3n-de-suelos#_ftnref2\">[2]<\/a>&nbsp;Solo incluye gafete y constancia de asistencia<\/p>\n\n\n\n<p><\/p>\n","protected":false},"excerpt":{"rendered":"<p>5to Concurso Mexicano de Evaluaci\u00f3n de Suelos Como parte de las actividades del 47 Congreso Mexicano de la Ciencia del Suelo, la Comisi\u00f3n de Acci\u00f3n Juvenil de la Sociedad Mexicana de la Ciencia del Suelo, con el apoyo de la Universidad Nacional Aut\u00f3noma de M\u00e9xico (UNAM) a trav\u00e9s del Instituto de Geolog\u00eda (IG-UNAM), el Programa [&hellip;]<\/p>\n","protected":false},"author":1,"featured_media":0,"parent":46,"menu_order":1,"comment_status":"closed","ping_status":"closed","template":"","meta":{"_gspb_post_css":"","footnotes":""},"class_list":["post-155","page","type-page","status-publish","hentry"],"_links":{"self":[{"href":"https:\/\/www.smcsmx.org\/site\/wp-json\/wp\/v2\/pages\/155","targetHints":{"allow":["GET"]}}],"collection":[{"href":"https:\/\/www.smcsmx.org\/site\/wp-json\/wp\/v2\/pages"}],"about":[{"href":"https:\/\/www.smcsmx.org\/site\/wp-json\/wp\/v2\/types\/page"}],"author":[{"embeddable":true,"href":"https:\/\/www.smcsmx.org\/site\/wp-json\/wp\/v2\/users\/1"}],"replies":[{"embeddable":true,"href":"https:\/\/www.smcsmx.org\/site\/wp-json\/wp\/v2\/comments?post=155"}],"version-history":[{"count":1,"href":"https:\/\/www.smcsmx.org\/site\/wp-json\/wp\/v2\/pages\/155\/revisions"}],"predecessor-version":[{"id":157,"href":"https:\/\/www.smcsmx.org\/site\/wp-json\/wp\/v2\/pages\/155\/revisions\/157"}],"up":[{"embeddable":true,"href":"https:\/\/www.smcsmx.org\/site\/wp-json\/wp\/v2\/pages\/46"}],"wp:attachment":[{"href":"https:\/\/www.smcsmx.org\/site\/wp-json\/wp\/v2\/media?parent=155"}],"curies":[{"name":"wp","href":"https:\/\/api.w.org\/{rel}","templated":true}]}}