{"id":158,"date":"2026-04-14T17:21:11","date_gmt":"2026-04-14T17:21:11","guid":{"rendered":"https:\/\/www.smcsmx.org\/site\/?page_id=158"},"modified":"2026-04-14T17:21:11","modified_gmt":"2026-04-14T17:21:11","slug":"cursos-y-capacitaciones","status":"publish","type":"page","link":"https:\/\/www.smcsmx.org\/site\/eventos\/cursos-y-capacitaciones\/","title":{"rendered":"Cursos y capacitaciones"},"content":{"rendered":"\n<figure class=\"wp-block-image size-large\"><img loading=\"lazy\" decoding=\"async\" width=\"768\" height=\"1024\" src=\"https:\/\/www.smcsmx.org\/site\/wp-content\/uploads\/2026\/04\/Cursos_SMCS-2024-768x1024.jpg\" alt=\"\" class=\"wp-image-159\" srcset=\"https:\/\/www.smcsmx.org\/site\/wp-content\/uploads\/2026\/04\/Cursos_SMCS-2024-768x1024.jpg 768w, https:\/\/www.smcsmx.org\/site\/wp-content\/uploads\/2026\/04\/Cursos_SMCS-2024-225x300.jpg 225w, https:\/\/www.smcsmx.org\/site\/wp-content\/uploads\/2026\/04\/Cursos_SMCS-2024.jpg 900w\" sizes=\"auto, (max-width: 768px) 100vw, 768px\" \/><\/figure>\n\n\n\n<p><strong>Costo de los cursos<\/strong><\/p>\n\n\n\n<p>El costo de cada curso es de $300.<\/p>\n\n\n\n<p>Socios numerarios de la SMCS pueden acceder sin costo a todos los cursos.<\/p>\n\n\n\n<p>Socios estudiantes de la SMCS tienen derecho a 4 cursos gratuitos y 50% de descuento a partir del 5to curso.<\/p>\n\n\n\n<p><strong>Inscripci\u00f3n<\/strong><\/p>\n\n\n\n<p>Para inscribirte, registra los cursos de tu inter\u00e9s a la Secretar\u00eda de Promoci\u00f3n de Membres\u00edas, M.C. Ricardo Gonz\u00e1lez Zavaleta,&nbsp;&nbsp;<a href=\"mailto:19964@uagro.mx\">19964@uagro.mx<\/a>.<\/p>\n\n\n\n<p>&nbsp;Se deber\u00e1 adjuntar la membres\u00eda vigente o la ficha de pago, seg\u00fan corresponda.<\/p>\n\n\n\n<p>Los cursos tendr\u00e1n cuatro horas de duraci\u00f3n. Se extender\u00e1 constancia por cada curso solo si se cumple el cien por ciento de asistencia.<\/p>\n\n\n\n<p>Consultar la pesta\u00f1a\u00a0<a href=\"https:\/\/www.smcsmx.org\/site\/membresias\/como-hacerse-miembro\/\" data-type=\"page\" data-id=\"73\">\u00bfC\u00f3mo hacerse miembro?\u00a0<\/a>para mayor referencia del procedimiento de pago ya sea como socios o de cursos individuales.<\/p>\n\n\n\n<p>*Si requieres factura del curso, deber\u00e1n anexar la constancia de situaci\u00f3n fiscal en el mismo formulario.<\/p>\n","protected":false},"excerpt":{"rendered":"<p>Costo de los cursos El costo de cada curso es de $300. Socios numerarios de la SMCS pueden acceder sin costo a todos los cursos. Socios estudiantes de la SMCS tienen derecho a 4 cursos gratuitos y 50% de descuento a partir del 5to curso. Inscripci\u00f3n Para inscribirte, registra los cursos de tu inter\u00e9s a [&hellip;]<\/p>\n","protected":false},"author":1,"featured_media":0,"parent":46,"menu_order":2,"comment_status":"closed","ping_status":"closed","template":"","meta":{"_gspb_post_css":"","footnotes":""},"class_list":["post-158","page","type-page","status-publish","hentry"],"_links":{"self":[{"href":"https:\/\/www.smcsmx.org\/site\/wp-json\/wp\/v2\/pages\/158","targetHints":{"allow":["GET"]}}],"collection":[{"href":"https:\/\/www.smcsmx.org\/site\/wp-json\/wp\/v2\/pages"}],"about":[{"href":"https:\/\/www.smcsmx.org\/site\/wp-json\/wp\/v2\/types\/page"}],"author":[{"embeddable":true,"href":"https:\/\/www.smcsmx.org\/site\/wp-json\/wp\/v2\/users\/1"}],"replies":[{"embeddable":true,"href":"https:\/\/www.smcsmx.org\/site\/wp-json\/wp\/v2\/comments?post=158"}],"version-history":[{"count":1,"href":"https:\/\/www.smcsmx.org\/site\/wp-json\/wp\/v2\/pages\/158\/revisions"}],"predecessor-version":[{"id":160,"href":"https:\/\/www.smcsmx.org\/site\/wp-json\/wp\/v2\/pages\/158\/revisions\/160"}],"up":[{"embeddable":true,"href":"https:\/\/www.smcsmx.org\/site\/wp-json\/wp\/v2\/pages\/46"}],"wp:attachment":[{"href":"https:\/\/www.smcsmx.org\/site\/wp-json\/wp\/v2\/media?parent=158"}],"curies":[{"name":"wp","href":"https:\/\/api.w.org\/{rel}","templated":true}]}}