{"id":161,"date":"2026-04-14T17:21:21","date_gmt":"2026-04-14T17:21:21","guid":{"rendered":"https:\/\/www.smcsmx.org\/site\/?page_id=161"},"modified":"2026-04-14T18:38:29","modified_gmt":"2026-04-14T18:38:29","slug":"congresos-anteriores","status":"publish","type":"page","link":"https:\/\/www.smcsmx.org\/site\/eventos\/congresos-anteriores\/","title":{"rendered":"Congresos Anteriores"},"content":{"rendered":"\n<h4 class=\"wp-block-heading\" id=\"47-congreso-nacional-de-la-ciencia-del-suelo\"><strong>47 Congreso Nacional de la Ciencia del Suelo<\/strong><\/h4>\n\n\n\n<figure class=\"wp-block-image size-full is-resized\"><img loading=\"lazy\" decoding=\"async\" width=\"321\" height=\"455\" src=\"https:\/\/www.smcsmx.org\/site\/wp-content\/uploads\/2026\/04\/congreso_47smcs.jpg\" alt=\"\" class=\"wp-image-170\" style=\"aspect-ratio:0.705496324149149;width:360px;height:auto\" srcset=\"https:\/\/www.smcsmx.org\/site\/wp-content\/uploads\/2026\/04\/congreso_47smcs.jpg 321w, https:\/\/www.smcsmx.org\/site\/wp-content\/uploads\/2026\/04\/congreso_47smcs-212x300.jpg 212w\" sizes=\"auto, (max-width: 321px) 100vw, 321px\" \/><\/figure>\n\n\n\n<p><a href=\"https:\/\/www.smcsmx.org\/files\/2023\/LIBRO_1_2023.pdf\">Divisi\u00f3n I: Suelos en espacio y tiempo<\/a><\/p>\n\n\n\n<p><a href=\"https:\/\/web.archive.org\/web\/20260122223346\/https:\/\/www.smcsmx.org\/files\/2023\/LIBRO_2_2023.pdf\">Divisi\u00f3n II: Propiedades del <\/a><a href=\"https:\/\/www.smcsmx.org\/files\/2023\/LIBRO_2_2023.pdf\">suelo <\/a><a href=\"https:\/\/web.archive.org\/web\/20260122223346\/https:\/\/www.smcsmx.org\/files\/2023\/LIBRO_2_2023.pdf\">y procesos<\/a><\/p>\n\n\n\n<p><a href=\"https:\/\/www.smcsmx.org\/files\/2023\/LIBRO_3_2023.pdf\">Divisi\u00f3n III: Uso y manejo del suelo<\/a><\/p>\n\n\n\n<p><a href=\"https:\/\/web.archive.org\/web\/20260122223346\/https:\/\/www.smcsmx.org\/files\/2023\/LIBRO_4_2023.pdf\">Divisi\u00f3n IV: El papel <\/a><a href=\"https:\/\/www.smcsmx.org\/files\/2023\/LIBRO_4_2023.pdf\">de <\/a><a href=\"https:\/\/web.archive.org\/web\/20260122223346\/https:\/\/www.smcsmx.org\/files\/2023\/LIBRO_4_2023.pdf\">los suelos en la sostenibilidad del medio ambiente y la sociedad<\/a><\/p>\n\n\n\n<h4 class=\"wp-block-heading\" id=\"46-congreso-nacional-de-la-ciencia-del-suelo\"><strong>46 Congreso Nacional de la Ciencia del Suelo<\/strong><\/h4>\n\n\n\n<figure class=\"wp-block-image size-full is-resized\"><img loading=\"lazy\" decoding=\"async\" width=\"380\" height=\"490\" src=\"https:\/\/www.smcsmx.org\/site\/wp-content\/uploads\/2026\/04\/congreso_46smcs.jpg\" alt=\"\" class=\"wp-image-169\" style=\"width:397px;height:auto\" srcset=\"https:\/\/www.smcsmx.org\/site\/wp-content\/uploads\/2026\/04\/congreso_46smcs.jpg 380w, https:\/\/www.smcsmx.org\/site\/wp-content\/uploads\/2026\/04\/congreso_46smcs-233x300.jpg 233w\" sizes=\"auto, (max-width: 380px) 100vw, 380px\" \/><\/figure>\n\n\n\n<p><a href=\"https:\/\/www.smcsmx.org\/files\/2022\/Libro_SMCS-con-ISBN.pdf\">Descarga el Libro del 46 Congreso Nacional de la Ciencia del Suelo con ISBN<\/a><\/p>\n\n\n\n<h4 class=\"wp-block-heading\">&nbsp;<\/h4>\n\n\n\n<h4 class=\"wp-block-heading\" id=\"xlv-congreso-nacional-de-la-ciencia-del-suelo\">XLV Congreso Nacional de la Ciencia del Suelo<\/h4>\n\n\n\n<figure class=\"wp-block-image size-full is-resized\"><img loading=\"lazy\" decoding=\"async\" width=\"528\" height=\"748\" src=\"https:\/\/www.smcsmx.org\/site\/wp-content\/uploads\/2026\/04\/Si_el_suelo_respira_tu_respiras.jpg\" alt=\"\" class=\"wp-image-168\" style=\"width:403px;height:auto\" srcset=\"https:\/\/www.smcsmx.org\/site\/wp-content\/uploads\/2026\/04\/Si_el_suelo_respira_tu_respiras.jpg 528w, https:\/\/www.smcsmx.org\/site\/wp-content\/uploads\/2026\/04\/Si_el_suelo_respira_tu_respiras-212x300.jpg 212w\" sizes=\"auto, (max-width: 528px) 100vw, 528px\" \/><\/figure>\n\n\n\n<p><a href=\"https:\/\/smcsmx.org\/files\/2022\/Si_el_suelo_respira_tu_respiras.pdf\">Memorias 2021<\/a><\/p>\n\n\n\n<hr class=\"wp-block-separator has-alpha-channel-opacity\"\/>\n\n\n\n<h4 class=\"wp-block-heading\" id=\"xli-congreso-nacional-de-la-ciencia-del-suelo\">XLI Congreso Nacional de la Ciencia del Suelo<\/h4>\n\n\n\n<figure class=\"wp-block-image size-full\"><img loading=\"lazy\" decoding=\"async\" width=\"406\" height=\"567\" src=\"https:\/\/www.smcsmx.org\/site\/wp-content\/uploads\/2026\/04\/XLICNCS-2016.jpg\" alt=\"\" class=\"wp-image-167\" srcset=\"https:\/\/www.smcsmx.org\/site\/wp-content\/uploads\/2026\/04\/XLICNCS-2016.jpg 406w, https:\/\/www.smcsmx.org\/site\/wp-content\/uploads\/2026\/04\/XLICNCS-2016-215x300.jpg 215w\" sizes=\"auto, (max-width: 406px) 100vw, 406px\" \/><\/figure>\n\n\n\n<p><a href=\"https:\/\/smcsmx.org\/files\/congresos\/2016\/Memorias_XLI_CNCS.pdf\">Memorias 2016<\/a><\/p>\n\n\n\n<hr class=\"wp-block-separator has-alpha-channel-opacity\"\/>\n\n\n\n<h4 class=\"wp-block-heading\" id=\"xl-congreso-nacional-de-la-ciencia-del-suelo\">XL Congreso Nacional de la Ciencia del Suelo<\/h4>\n\n\n\n<figure class=\"wp-block-image size-full\"><img loading=\"lazy\" decoding=\"async\" width=\"439\" height=\"564\" src=\"https:\/\/www.smcsmx.org\/site\/wp-content\/uploads\/2026\/04\/XL_CNCS-2015.jpg\" alt=\"\" class=\"wp-image-166\" srcset=\"https:\/\/www.smcsmx.org\/site\/wp-content\/uploads\/2026\/04\/XL_CNCS-2015.jpg 439w, https:\/\/www.smcsmx.org\/site\/wp-content\/uploads\/2026\/04\/XL_CNCS-2015-234x300.jpg 234w\" sizes=\"auto, (max-width: 439px) 100vw, 439px\" \/><\/figure>\n\n\n\n<p>Memorias<br><a href=\"https:\/\/smcsmx.org\/files\/congresos\/2015\/1_%20PORTADA_Y_PRESENTACION.pdf\">Presentaci\u00f3n de las Memorias 2015<\/a><br><a href=\"https:\/\/smcsmx.org\/files\/congresos\/2015\/2_INDICE_DE_CONTENIDO.pdf\">\u00cdndice de Contenido<\/a><br><a href=\"https:\/\/smcsmx.org\/files\/congresos\/2015\/3_DIVISION_1.pdf\">Memoria del Congreso 2015 &#8211; Divisi\u00f3n I<\/a><br><a href=\"https:\/\/smcsmx.org\/files\/congresos\/2015\/4_DIVISION_2.pdf\">Memoria del Congreso 2015 &#8211; Divisi\u00f3n II<\/a><br><a href=\"https:\/\/smcsmx.org\/files\/congresos\/2015\/5_DIVISION_3.pdf\">Memoria del Congreso 2015 &#8211; Divisi\u00f3n III<\/a><br><a href=\"https:\/\/smcsmx.org\/files\/congresos\/2015\/6_DIVISION_4.pdf\">Memoria del Congreso 2015 &#8211; Divisi\u00f3n IV<\/a><br><a href=\"https:\/\/smcsmx.org\/files\/congresos\/2015\/SIMPOSIOS.pdf\">Simposios<\/a><\/p>\n\n\n\n<hr class=\"wp-block-separator has-alpha-channel-opacity\"\/>\n\n\n\n<h4 class=\"wp-block-heading\" id=\"xxxix-congreso-nacional-de-la-ciencia-del-suelo\">XXXIX Congreso Nacional de la Ciencia del Suelo<\/h4>\n\n\n\n<figure class=\"wp-block-image size-full\"><img loading=\"lazy\" decoding=\"async\" width=\"438\" height=\"567\" src=\"https:\/\/www.smcsmx.org\/site\/wp-content\/uploads\/2026\/04\/XXXIX.jpg\" alt=\"\" class=\"wp-image-165\" srcset=\"https:\/\/www.smcsmx.org\/site\/wp-content\/uploads\/2026\/04\/XXXIX.jpg 438w, https:\/\/www.smcsmx.org\/site\/wp-content\/uploads\/2026\/04\/XXXIX-232x300.jpg 232w\" sizes=\"auto, (max-width: 438px) 100vw, 438px\" \/><\/figure>\n\n\n\n<p>Memorias<br><br><a href=\"https:\/\/smcsmx.org\/files\/congresos\/Presentacion-Memoria_XXXIX.pdf\">Presentaci\u00f3n de las Memorias 2014<\/a><br><a href=\"https:\/\/smcsmx.org\/files\/congresos\/Division_I_XXXIX.pdf\">Memoria del Congreso 2014 &#8211; Divisi\u00f3n I<\/a><br><a href=\"https:\/\/smcsmx.org\/files\/congresos\/Division_II_XXXIX.pdf\">Memoria del Congreso 2014 &#8211; Divisi\u00f3n II<\/a><br><a href=\"https:\/\/smcsmx.org\/files\/congresos\/Division_III_XXXIX.pdf\">Memoria del Congreso 2014 &#8211; Divisi\u00f3n III<\/a><\/p>\n\n\n\n<hr class=\"wp-block-separator has-alpha-channel-opacity\"\/>\n\n\n\n<h4 class=\"wp-block-heading\" id=\"xxxviii-congreso-nacional-de-la-ciencia-del-suelo\">XXXVIII Congreso Nacional de la Ciencia del Suelo<\/h4>\n\n\n\n<figure class=\"wp-block-image size-full\"><img loading=\"lazy\" decoding=\"async\" width=\"437\" height=\"549\" src=\"https:\/\/www.smcsmx.org\/site\/wp-content\/uploads\/2026\/04\/XXXVIII.jpg\" alt=\"\" class=\"wp-image-164\" srcset=\"https:\/\/www.smcsmx.org\/site\/wp-content\/uploads\/2026\/04\/XXXVIII.jpg 437w, https:\/\/www.smcsmx.org\/site\/wp-content\/uploads\/2026\/04\/XXXVIII-239x300.jpg 239w\" sizes=\"auto, (max-width: 437px) 100vw, 437px\" \/><\/figure>\n\n\n\n<p>Memorias<br><a href=\"https:\/\/smcsmx.org\/files\/congresos\/Vol_I_Memorias_Extenso_SMCS-2013.pdf\">Volumen I Memorias en Extenso SMCS 2013<\/a><br><a href=\"https:\/\/smcsmx.org\/files\/congresos\/Vol_II_Memorias_Extenso_SMCS-2013.pdf\">Volumen II Memorias en Extenso SMCS 2013<\/a><br><a href=\"https:\/\/smcsmx.org\/files\/congresos\/Vol_III_Memorias_Extenso_SMCS-2013.pdf\">Volumen III Memorias en Extenso SMCS 2013<\/a><\/p>\n\n\n\n<hr class=\"wp-block-separator has-alpha-channel-opacity\"\/>\n\n\n\n<h4 class=\"wp-block-heading\" id=\"xxxvii-congreso-nacional-de-la-ciencia-del-suelo\">XXXVII Congreso Nacional de la Ciencia del Suelo<\/h4>\n\n\n\n<figure class=\"wp-block-image size-full is-resized\"><img loading=\"lazy\" decoding=\"async\" width=\"359\" height=\"539\" src=\"https:\/\/www.smcsmx.org\/site\/wp-content\/uploads\/2026\/04\/XXXVII.jpg\" alt=\"\" class=\"wp-image-163\" style=\"aspect-ratio:0.6660395326713221;width:443px;height:auto\" srcset=\"https:\/\/www.smcsmx.org\/site\/wp-content\/uploads\/2026\/04\/XXXVII.jpg 359w, https:\/\/www.smcsmx.org\/site\/wp-content\/uploads\/2026\/04\/XXXVII-200x300.jpg 200w\" sizes=\"auto, (max-width: 359px) 100vw, 359px\" \/><\/figure>\n\n\n\n<p>Simposio<br><a href=\"https:\/\/smcsmx.org\/files\/congresos\/XXXVII_calidad_de_agua_y_suelo.pdf\">Calidad de Agua y Suelo<\/a><br><a href=\"https:\/\/smcsmx.org\/files\/congresos\/XXXVII-bioquimica.pdf\">Bioqu\u00edmica<\/a><br><a href=\"https:\/\/smcsmx.org\/files\/congresos\/XXXVII-microbiologia.pdf\">Microbiolog\u00eda<\/a><\/p>\n\n\n\n<hr class=\"wp-block-separator has-alpha-channel-opacity\"\/>\n\n\n\n<h4 class=\"wp-block-heading\" id=\"xxxvi-congreso-nacional-de-la-ciencia-del-suelo\">XXXVI Congreso Nacional de la Ciencia del Suelo<\/h4>\n\n\n\n<figure class=\"wp-block-image size-full is-resized\"><img loading=\"lazy\" decoding=\"async\" width=\"450\" height=\"581\" src=\"https:\/\/www.smcsmx.org\/site\/wp-content\/uploads\/2026\/04\/XXXVI.jpg\" alt=\"\" class=\"wp-image-162\" style=\"width:493px;height:auto\" srcset=\"https:\/\/www.smcsmx.org\/site\/wp-content\/uploads\/2026\/04\/XXXVI.jpg 450w, https:\/\/www.smcsmx.org\/site\/wp-content\/uploads\/2026\/04\/XXXVI-232x300.jpg 232w\" sizes=\"auto, (max-width: 450px) 100vw, 450px\" \/><\/figure>\n\n\n\n<p><a href=\"https:\/\/smcsmx.org\/files\/congresos\/Memoria_XXXVI_CNCS.pdf\">Memorias 2011<\/a><\/p>\n","protected":false},"excerpt":{"rendered":"<p>47 Congreso Nacional de la Ciencia del Suelo Divisi\u00f3n I: Suelos en espacio y tiempo Divisi\u00f3n II: Propiedades del suelo y procesos Divisi\u00f3n III: Uso y manejo del suelo Divisi\u00f3n IV: El papel de los suelos en la sostenibilidad del medio ambiente y la sociedad 46 Congreso Nacional de la Ciencia del Suelo Descarga el [&hellip;]<\/p>\n","protected":false},"author":1,"featured_media":0,"parent":46,"menu_order":3,"comment_status":"closed","ping_status":"closed","template":"","meta":{"_gspb_post_css":"","footnotes":""},"class_list":["post-161","page","type-page","status-publish","hentry"],"_links":{"self":[{"href":"https:\/\/www.smcsmx.org\/site\/wp-json\/wp\/v2\/pages\/161","targetHints":{"allow":["GET"]}}],"collection":[{"href":"https:\/\/www.smcsmx.org\/site\/wp-json\/wp\/v2\/pages"}],"about":[{"href":"https:\/\/www.smcsmx.org\/site\/wp-json\/wp\/v2\/types\/page"}],"author":[{"embeddable":true,"href":"https:\/\/www.smcsmx.org\/site\/wp-json\/wp\/v2\/users\/1"}],"replies":[{"embeddable":true,"href":"https:\/\/www.smcsmx.org\/site\/wp-json\/wp\/v2\/comments?post=161"}],"version-history":[{"count":4,"href":"https:\/\/www.smcsmx.org\/site\/wp-json\/wp\/v2\/pages\/161\/revisions"}],"predecessor-version":[{"id":176,"href":"https:\/\/www.smcsmx.org\/site\/wp-json\/wp\/v2\/pages\/161\/revisions\/176"}],"up":[{"embeddable":true,"href":"https:\/\/www.smcsmx.org\/site\/wp-json\/wp\/v2\/pages\/46"}],"wp:attachment":[{"href":"https:\/\/www.smcsmx.org\/site\/wp-json\/wp\/v2\/media?parent=161"}],"curies":[{"name":"wp","href":"https:\/\/api.w.org\/{rel}","templated":true}]}}